{"id":1006,"date":"2023-05-08T10:26:50","date_gmt":"2023-05-08T08:26:50","guid":{"rendered":"https:\/\/www.sciencepharma.pl\/?page_id=1006"},"modified":"2025-02-12T14:57:11","modified_gmt":"2025-02-12T13:57:11","slug":"job-offers","status":"publish","type":"page","link":"https:\/\/www.sciencepharma.com\/pl\/kariera\/job-offers\/","title":{"rendered":"Aktualne oferty pracy"},"content":{"rendered":"","protected":false},"excerpt":{"rendered":"","protected":false},"author":1,"featured_media":0,"parent":7383,"menu_order":0,"comment_status":"closed","ping_status":"closed","template":"","meta":{"inline_featured_image":false,"footnotes":""},"class_list":["post-1006","page","type-page","status-publish","hentry"],"acf":[],"yoast_head":"<!-- This site is optimized with the Yoast SEO plugin v26.8 - https:\/\/yoast.com\/product\/yoast-seo-wordpress\/ -->\n<title>Aktualne oferty pracy - SciencePharma<\/title>\n<meta name=\"description\" content=\"Chcesz odnie\u015b\u0107 sukces? Je\u015bli jest to jeden z Twoich cel\u00f3w, do\u0142\u0105cz do naszego zespo\u0142u. Sprawd\u017a najnowsze oferty pracy.\" \/>\n<meta name=\"robots\" content=\"index, follow, max-snippet:-1, max-image-preview:large, max-video-preview:-1\" \/>\n<link rel=\"canonical\" href=\"https:\/\/www.sciencepharma.com\/pl\/kariera\/job-offers\/\" \/>\n<meta property=\"og:locale\" content=\"pl_PL\" \/>\n<meta property=\"og:type\" content=\"article\" \/>\n<meta property=\"og:title\" content=\"Aktualne oferty pracy - SciencePharma\" \/>\n<meta property=\"og:description\" content=\"Chcesz odnie\u015b\u0107 sukces? Je\u015bli jest to jeden z Twoich cel\u00f3w, do\u0142\u0105cz do naszego zespo\u0142u. Sprawd\u017a najnowsze oferty pracy.\" \/>\n<meta property=\"og:url\" content=\"https:\/\/www.sciencepharma.com\/pl\/kariera\/job-offers\/\" \/>\n<meta property=\"og:site_name\" content=\"SciencePharma\" \/>\n<meta property=\"article:modified_time\" content=\"2025-02-12T13:57:11+00:00\" \/>\n<meta name=\"twitter:card\" content=\"summary_large_image\" \/>\n<meta name=\"twitter:site\" content=\"@science_pharma\" \/>\n<script type=\"application\/ld+json\" class=\"yoast-schema-graph\">{\"@context\":\"https:\/\/schema.org\",\"@graph\":[{\"@type\":\"WebPage\",\"@id\":\"https:\/\/www.sciencepharma.com\/pl\/kariera\/job-offers\/\",\"url\":\"https:\/\/www.sciencepharma.com\/pl\/kariera\/job-offers\/\",\"name\":\"Aktualne oferty pracy - SciencePharma\",\"isPartOf\":{\"@id\":\"https:\/\/www.sciencepharma.com\/pl\/#website\"},\"datePublished\":\"2023-05-08T08:26:50+00:00\",\"dateModified\":\"2025-02-12T13:57:11+00:00\",\"description\":\"Chcesz odnie\u015b\u0107 sukces? Je\u015bli jest to jeden z Twoich cel\u00f3w, do\u0142\u0105cz do naszego zespo\u0142u. Sprawd\u017a najnowsze oferty pracy.\",\"breadcrumb\":{\"@id\":\"https:\/\/www.sciencepharma.com\/pl\/kariera\/job-offers\/#breadcrumb\"},\"inLanguage\":\"pl-PL\",\"potentialAction\":[{\"@type\":\"ReadAction\",\"target\":[\"https:\/\/www.sciencepharma.com\/pl\/kariera\/job-offers\/\"]}]},{\"@type\":\"BreadcrumbList\",\"@id\":\"https:\/\/www.sciencepharma.com\/pl\/kariera\/job-offers\/#breadcrumb\",\"itemListElement\":[{\"@type\":\"ListItem\",\"position\":1,\"name\":\"Home\",\"item\":\"https:\/\/www.sciencepharma.com\/pl\/\"},{\"@type\":\"ListItem\",\"position\":2,\"name\":\"Kariera\",\"item\":\"https:\/\/www.sciencepharma.com\/pl\/?page_id=7383\"},{\"@type\":\"ListItem\",\"position\":3,\"name\":\"Aktualne oferty pracy\"}]},{\"@type\":\"WebSite\",\"@id\":\"https:\/\/www.sciencepharma.com\/pl\/#website\",\"url\":\"https:\/\/www.sciencepharma.com\/pl\/\",\"name\":\"SciencePharma\",\"description\":\" - More Than Consulting\",\"publisher\":{\"@id\":\"https:\/\/www.sciencepharma.com\/pl\/#organization\"},\"potentialAction\":[{\"@type\":\"SearchAction\",\"target\":{\"@type\":\"EntryPoint\",\"urlTemplate\":\"https:\/\/www.sciencepharma.com\/pl\/?s={search_term_string}\"},\"query-input\":{\"@type\":\"PropertyValueSpecification\",\"valueRequired\":true,\"valueName\":\"search_term_string\"}}],\"inLanguage\":\"pl-PL\"},{\"@type\":\"Organization\",\"@id\":\"https:\/\/www.sciencepharma.com\/pl\/#organization\",\"name\":\"SciencePharma\",\"url\":\"https:\/\/www.sciencepharma.com\/pl\/\",\"logo\":{\"@type\":\"ImageObject\",\"inLanguage\":\"pl-PL\",\"@id\":\"https:\/\/www.sciencepharma.com\/pl\/#\/schema\/logo\/image\/\",\"url\":\"https:\/\/www.sciencepharma.com\/wp-content\/uploads\/2023\/04\/Science-Pharma_poziom.svg\",\"contentUrl\":\"https:\/\/www.sciencepharma.com\/wp-content\/uploads\/2023\/04\/Science-Pharma_poziom.svg\",\"width\":244,\"height\":40,\"caption\":\"SciencePharma\"},\"image\":{\"@id\":\"https:\/\/www.sciencepharma.com\/pl\/#\/schema\/logo\/image\/\"},\"sameAs\":[\"https:\/\/x.com\/science_pharma\",\"https:\/\/www.linkedin.com\/company\/sciencepharma\/\"]}]}<\/script>\n<!-- \/ Yoast SEO plugin. -->","yoast_head_json":{"title":"Aktualne oferty pracy - SciencePharma","description":"Chcesz odnie\u015b\u0107 sukces? Je\u015bli jest to jeden z Twoich cel\u00f3w, do\u0142\u0105cz do naszego zespo\u0142u. Sprawd\u017a najnowsze oferty pracy.","robots":{"index":"index","follow":"follow","max-snippet":"max-snippet:-1","max-image-preview":"max-image-preview:large","max-video-preview":"max-video-preview:-1"},"canonical":"https:\/\/www.sciencepharma.com\/pl\/kariera\/job-offers\/","og_locale":"pl_PL","og_type":"article","og_title":"Aktualne oferty pracy - SciencePharma","og_description":"Chcesz odnie\u015b\u0107 sukces? Je\u015bli jest to jeden z Twoich cel\u00f3w, do\u0142\u0105cz do naszego zespo\u0142u. Sprawd\u017a najnowsze oferty pracy.","og_url":"https:\/\/www.sciencepharma.com\/pl\/kariera\/job-offers\/","og_site_name":"SciencePharma","article_modified_time":"2025-02-12T13:57:11+00:00","twitter_card":"summary_large_image","twitter_site":"@science_pharma","schema":{"@context":"https:\/\/schema.org","@graph":[{"@type":"WebPage","@id":"https:\/\/www.sciencepharma.com\/pl\/kariera\/job-offers\/","url":"https:\/\/www.sciencepharma.com\/pl\/kariera\/job-offers\/","name":"Aktualne oferty pracy - SciencePharma","isPartOf":{"@id":"https:\/\/www.sciencepharma.com\/pl\/#website"},"datePublished":"2023-05-08T08:26:50+00:00","dateModified":"2025-02-12T13:57:11+00:00","description":"Chcesz odnie\u015b\u0107 sukces? Je\u015bli jest to jeden z Twoich cel\u00f3w, do\u0142\u0105cz do naszego zespo\u0142u. Sprawd\u017a najnowsze oferty pracy.","breadcrumb":{"@id":"https:\/\/www.sciencepharma.com\/pl\/kariera\/job-offers\/#breadcrumb"},"inLanguage":"pl-PL","potentialAction":[{"@type":"ReadAction","target":["https:\/\/www.sciencepharma.com\/pl\/kariera\/job-offers\/"]}]},{"@type":"BreadcrumbList","@id":"https:\/\/www.sciencepharma.com\/pl\/kariera\/job-offers\/#breadcrumb","itemListElement":[{"@type":"ListItem","position":1,"name":"Home","item":"https:\/\/www.sciencepharma.com\/pl\/"},{"@type":"ListItem","position":2,"name":"Kariera","item":"https:\/\/www.sciencepharma.com\/pl\/?page_id=7383"},{"@type":"ListItem","position":3,"name":"Aktualne oferty pracy"}]},{"@type":"WebSite","@id":"https:\/\/www.sciencepharma.com\/pl\/#website","url":"https:\/\/www.sciencepharma.com\/pl\/","name":"SciencePharma","description":" - More Than Consulting","publisher":{"@id":"https:\/\/www.sciencepharma.com\/pl\/#organization"},"potentialAction":[{"@type":"SearchAction","target":{"@type":"EntryPoint","urlTemplate":"https:\/\/www.sciencepharma.com\/pl\/?s={search_term_string}"},"query-input":{"@type":"PropertyValueSpecification","valueRequired":true,"valueName":"search_term_string"}}],"inLanguage":"pl-PL"},{"@type":"Organization","@id":"https:\/\/www.sciencepharma.com\/pl\/#organization","name":"SciencePharma","url":"https:\/\/www.sciencepharma.com\/pl\/","logo":{"@type":"ImageObject","inLanguage":"pl-PL","@id":"https:\/\/www.sciencepharma.com\/pl\/#\/schema\/logo\/image\/","url":"https:\/\/www.sciencepharma.com\/wp-content\/uploads\/2023\/04\/Science-Pharma_poziom.svg","contentUrl":"https:\/\/www.sciencepharma.com\/wp-content\/uploads\/2023\/04\/Science-Pharma_poziom.svg","width":244,"height":40,"caption":"SciencePharma"},"image":{"@id":"https:\/\/www.sciencepharma.com\/pl\/#\/schema\/logo\/image\/"},"sameAs":["https:\/\/x.com\/science_pharma","https:\/\/www.linkedin.com\/company\/sciencepharma\/"]}]}},"_links":{"self":[{"href":"https:\/\/www.sciencepharma.com\/pl\/wp-json\/wp\/v2\/pages\/1006","targetHints":{"allow":["GET"]}}],"collection":[{"href":"https:\/\/www.sciencepharma.com\/pl\/wp-json\/wp\/v2\/pages"}],"about":[{"href":"https:\/\/www.sciencepharma.com\/pl\/wp-json\/wp\/v2\/types\/page"}],"author":[{"embeddable":true,"href":"https:\/\/www.sciencepharma.com\/pl\/wp-json\/wp\/v2\/users\/1"}],"replies":[{"embeddable":true,"href":"https:\/\/www.sciencepharma.com\/pl\/wp-json\/wp\/v2\/comments?post=1006"}],"version-history":[{"count":0,"href":"https:\/\/www.sciencepharma.com\/pl\/wp-json\/wp\/v2\/pages\/1006\/revisions"}],"up":[{"embeddable":true,"href":"https:\/\/www.sciencepharma.com\/pl\/wp-json\/wp\/v2\/pages\/7383"}],"wp:attachment":[{"href":"https:\/\/www.sciencepharma.com\/pl\/wp-json\/wp\/v2\/media?parent=1006"}],"curies":[{"name":"wp","href":"https:\/\/api.w.org\/{rel}","templated":true}]}}