{"id":1024,"date":"2023-04-27T15:31:16","date_gmt":"2023-04-27T13:31:16","guid":{"rendered":"https:\/\/www.sciencepharma.pl\/medicinal-devices\/"},"modified":"2025-07-30T11:47:10","modified_gmt":"2025-07-30T09:47:10","slug":"wyroby-medyczne","status":"publish","type":"page","link":"https:\/\/www.sciencepharma.com\/pl\/obszar-badan\/wyroby-medyczne\/","title":{"rendered":"Wyroby medyczne"},"content":{"rendered":"","protected":false},"excerpt":{"rendered":"","protected":false},"author":1,"featured_media":0,"parent":1037,"menu_order":0,"comment_status":"closed","ping_status":"closed","template":"template-single-area-of-expertise.php","meta":{"inline_featured_image":false,"footnotes":""},"class_list":["post-1024","page","type-page","status-publish","hentry"],"acf":[],"yoast_head":"<!-- This site is optimized with the Yoast SEO plugin v26.8 - https:\/\/yoast.com\/product\/yoast-seo-wordpress\/ -->\n<title>Wyroby medyczne \u2013 klasyfikacja, przepisy i certyfikacja CE<\/title>\n<meta name=\"description\" content=\"Sprawd\u017a, czym s\u0105 wyroby medyczne, jak je klasyfikowa\u0107 oraz jak wygl\u0105da proces oceny zgodno\u015bci i certyfikacji CE wed\u0142ug MDR i IVDR\" \/>\n<meta name=\"robots\" content=\"index, follow, max-snippet:-1, max-image-preview:large, max-video-preview:-1\" \/>\n<link rel=\"canonical\" href=\"https:\/\/www.sciencepharma.com\/pl\/obszar-badan\/wyroby-medyczne\/\" \/>\n<meta property=\"og:locale\" content=\"pl_PL\" \/>\n<meta property=\"og:type\" content=\"article\" \/>\n<meta property=\"og:title\" content=\"Wyroby medyczne \u2013 klasyfikacja, przepisy i certyfikacja CE\" \/>\n<meta property=\"og:description\" content=\"Sprawd\u017a, czym s\u0105 wyroby medyczne, jak je klasyfikowa\u0107 oraz jak wygl\u0105da proces oceny zgodno\u015bci i certyfikacji CE wed\u0142ug MDR i IVDR\" \/>\n<meta property=\"og:url\" content=\"https:\/\/www.sciencepharma.com\/pl\/obszar-badan\/wyroby-medyczne\/\" \/>\n<meta property=\"og:site_name\" content=\"SciencePharma\" \/>\n<meta property=\"article:modified_time\" content=\"2025-07-30T09:47:10+00:00\" \/>\n<meta name=\"twitter:card\" content=\"summary_large_image\" \/>\n<meta name=\"twitter:site\" content=\"@science_pharma\" \/>\n<script type=\"application\/ld+json\" class=\"yoast-schema-graph\">{\"@context\":\"https:\/\/schema.org\",\"@graph\":[{\"@type\":\"WebPage\",\"@id\":\"https:\/\/www.sciencepharma.com\/pl\/obszar-badan\/wyroby-medyczne\/\",\"url\":\"https:\/\/www.sciencepharma.com\/pl\/obszar-badan\/wyroby-medyczne\/\",\"name\":\"Wyroby medyczne \u2013 klasyfikacja, przepisy i certyfikacja CE\",\"isPartOf\":{\"@id\":\"https:\/\/www.sciencepharma.com\/pl\/#website\"},\"datePublished\":\"2023-04-27T13:31:16+00:00\",\"dateModified\":\"2025-07-30T09:47:10+00:00\",\"description\":\"Sprawd\u017a, czym s\u0105 wyroby medyczne, jak je klasyfikowa\u0107 oraz jak wygl\u0105da proces oceny zgodno\u015bci i certyfikacji CE wed\u0142ug MDR i IVDR\",\"breadcrumb\":{\"@id\":\"https:\/\/www.sciencepharma.com\/pl\/obszar-badan\/wyroby-medyczne\/#breadcrumb\"},\"inLanguage\":\"pl-PL\",\"potentialAction\":[{\"@type\":\"ReadAction\",\"target\":[\"https:\/\/www.sciencepharma.com\/pl\/obszar-badan\/wyroby-medyczne\/\"]}]},{\"@type\":\"BreadcrumbList\",\"@id\":\"https:\/\/www.sciencepharma.com\/pl\/obszar-badan\/wyroby-medyczne\/#breadcrumb\",\"itemListElement\":[{\"@type\":\"ListItem\",\"position\":1,\"name\":\"Home\",\"item\":\"https:\/\/www.sciencepharma.com\/pl\/\"},{\"@type\":\"ListItem\",\"position\":2,\"name\":\"Obszar bada\u0144\",\"item\":\"https:\/\/www.sciencepharma.com\/pl\/obszar-badan\/\"},{\"@type\":\"ListItem\",\"position\":3,\"name\":\"Wyroby medyczne\"}]},{\"@type\":\"WebSite\",\"@id\":\"https:\/\/www.sciencepharma.com\/pl\/#website\",\"url\":\"https:\/\/www.sciencepharma.com\/pl\/\",\"name\":\"SciencePharma\",\"description\":\" - More Than Consulting\",\"publisher\":{\"@id\":\"https:\/\/www.sciencepharma.com\/pl\/#organization\"},\"potentialAction\":[{\"@type\":\"SearchAction\",\"target\":{\"@type\":\"EntryPoint\",\"urlTemplate\":\"https:\/\/www.sciencepharma.com\/pl\/?s={search_term_string}\"},\"query-input\":{\"@type\":\"PropertyValueSpecification\",\"valueRequired\":true,\"valueName\":\"search_term_string\"}}],\"inLanguage\":\"pl-PL\"},{\"@type\":\"Organization\",\"@id\":\"https:\/\/www.sciencepharma.com\/pl\/#organization\",\"name\":\"SciencePharma\",\"url\":\"https:\/\/www.sciencepharma.com\/pl\/\",\"logo\":{\"@type\":\"ImageObject\",\"inLanguage\":\"pl-PL\",\"@id\":\"https:\/\/www.sciencepharma.com\/pl\/#\/schema\/logo\/image\/\",\"url\":\"https:\/\/www.sciencepharma.com\/wp-content\/uploads\/2023\/04\/Science-Pharma_poziom.svg\",\"contentUrl\":\"https:\/\/www.sciencepharma.com\/wp-content\/uploads\/2023\/04\/Science-Pharma_poziom.svg\",\"width\":244,\"height\":40,\"caption\":\"SciencePharma\"},\"image\":{\"@id\":\"https:\/\/www.sciencepharma.com\/pl\/#\/schema\/logo\/image\/\"},\"sameAs\":[\"https:\/\/x.com\/science_pharma\",\"https:\/\/www.linkedin.com\/company\/sciencepharma\/\"]}]}<\/script>\n<!-- \/ Yoast SEO plugin. -->","yoast_head_json":{"title":"Wyroby medyczne \u2013 klasyfikacja, przepisy i certyfikacja CE","description":"Sprawd\u017a, czym s\u0105 wyroby medyczne, jak je klasyfikowa\u0107 oraz jak wygl\u0105da proces oceny zgodno\u015bci i certyfikacji CE wed\u0142ug MDR i IVDR","robots":{"index":"index","follow":"follow","max-snippet":"max-snippet:-1","max-image-preview":"max-image-preview:large","max-video-preview":"max-video-preview:-1"},"canonical":"https:\/\/www.sciencepharma.com\/pl\/obszar-badan\/wyroby-medyczne\/","og_locale":"pl_PL","og_type":"article","og_title":"Wyroby medyczne \u2013 klasyfikacja, przepisy i certyfikacja CE","og_description":"Sprawd\u017a, czym s\u0105 wyroby medyczne, jak je klasyfikowa\u0107 oraz jak wygl\u0105da proces oceny zgodno\u015bci i certyfikacji CE wed\u0142ug MDR i IVDR","og_url":"https:\/\/www.sciencepharma.com\/pl\/obszar-badan\/wyroby-medyczne\/","og_site_name":"SciencePharma","article_modified_time":"2025-07-30T09:47:10+00:00","twitter_card":"summary_large_image","twitter_site":"@science_pharma","schema":{"@context":"https:\/\/schema.org","@graph":[{"@type":"WebPage","@id":"https:\/\/www.sciencepharma.com\/pl\/obszar-badan\/wyroby-medyczne\/","url":"https:\/\/www.sciencepharma.com\/pl\/obszar-badan\/wyroby-medyczne\/","name":"Wyroby medyczne \u2013 klasyfikacja, przepisy i certyfikacja CE","isPartOf":{"@id":"https:\/\/www.sciencepharma.com\/pl\/#website"},"datePublished":"2023-04-27T13:31:16+00:00","dateModified":"2025-07-30T09:47:10+00:00","description":"Sprawd\u017a, czym s\u0105 wyroby medyczne, jak je klasyfikowa\u0107 oraz jak wygl\u0105da proces oceny zgodno\u015bci i certyfikacji CE wed\u0142ug MDR i IVDR","breadcrumb":{"@id":"https:\/\/www.sciencepharma.com\/pl\/obszar-badan\/wyroby-medyczne\/#breadcrumb"},"inLanguage":"pl-PL","potentialAction":[{"@type":"ReadAction","target":["https:\/\/www.sciencepharma.com\/pl\/obszar-badan\/wyroby-medyczne\/"]}]},{"@type":"BreadcrumbList","@id":"https:\/\/www.sciencepharma.com\/pl\/obszar-badan\/wyroby-medyczne\/#breadcrumb","itemListElement":[{"@type":"ListItem","position":1,"name":"Home","item":"https:\/\/www.sciencepharma.com\/pl\/"},{"@type":"ListItem","position":2,"name":"Obszar bada\u0144","item":"https:\/\/www.sciencepharma.com\/pl\/obszar-badan\/"},{"@type":"ListItem","position":3,"name":"Wyroby medyczne"}]},{"@type":"WebSite","@id":"https:\/\/www.sciencepharma.com\/pl\/#website","url":"https:\/\/www.sciencepharma.com\/pl\/","name":"SciencePharma","description":" - More Than Consulting","publisher":{"@id":"https:\/\/www.sciencepharma.com\/pl\/#organization"},"potentialAction":[{"@type":"SearchAction","target":{"@type":"EntryPoint","urlTemplate":"https:\/\/www.sciencepharma.com\/pl\/?s={search_term_string}"},"query-input":{"@type":"PropertyValueSpecification","valueRequired":true,"valueName":"search_term_string"}}],"inLanguage":"pl-PL"},{"@type":"Organization","@id":"https:\/\/www.sciencepharma.com\/pl\/#organization","name":"SciencePharma","url":"https:\/\/www.sciencepharma.com\/pl\/","logo":{"@type":"ImageObject","inLanguage":"pl-PL","@id":"https:\/\/www.sciencepharma.com\/pl\/#\/schema\/logo\/image\/","url":"https:\/\/www.sciencepharma.com\/wp-content\/uploads\/2023\/04\/Science-Pharma_poziom.svg","contentUrl":"https:\/\/www.sciencepharma.com\/wp-content\/uploads\/2023\/04\/Science-Pharma_poziom.svg","width":244,"height":40,"caption":"SciencePharma"},"image":{"@id":"https:\/\/www.sciencepharma.com\/pl\/#\/schema\/logo\/image\/"},"sameAs":["https:\/\/x.com\/science_pharma","https:\/\/www.linkedin.com\/company\/sciencepharma\/"]}]}},"_links":{"self":[{"href":"https:\/\/www.sciencepharma.com\/pl\/wp-json\/wp\/v2\/pages\/1024","targetHints":{"allow":["GET"]}}],"collection":[{"href":"https:\/\/www.sciencepharma.com\/pl\/wp-json\/wp\/v2\/pages"}],"about":[{"href":"https:\/\/www.sciencepharma.com\/pl\/wp-json\/wp\/v2\/types\/page"}],"author":[{"embeddable":true,"href":"https:\/\/www.sciencepharma.com\/pl\/wp-json\/wp\/v2\/users\/1"}],"replies":[{"embeddable":true,"href":"https:\/\/www.sciencepharma.com\/pl\/wp-json\/wp\/v2\/comments?post=1024"}],"version-history":[{"count":1,"href":"https:\/\/www.sciencepharma.com\/pl\/wp-json\/wp\/v2\/pages\/1024\/revisions"}],"predecessor-version":[{"id":14865,"href":"https:\/\/www.sciencepharma.com\/pl\/wp-json\/wp\/v2\/pages\/1024\/revisions\/14865"}],"up":[{"embeddable":true,"href":"https:\/\/www.sciencepharma.com\/pl\/wp-json\/wp\/v2\/pages\/1037"}],"wp:attachment":[{"href":"https:\/\/www.sciencepharma.com\/pl\/wp-json\/wp\/v2\/media?parent=1024"}],"curies":[{"name":"wp","href":"https:\/\/api.w.org\/{rel}","templated":true}]}}