{"id":7278,"date":"2023-06-15T13:42:58","date_gmt":"2023-06-15T11:42:58","guid":{"rendered":"https:\/\/www.sciencepharma.pl\/?page_id=7278"},"modified":"2025-10-07T14:39:12","modified_gmt":"2025-10-07T12:39:12","slug":"rodo","status":"publish","type":"page","link":"https:\/\/www.sciencepharma.com\/pl\/polityka-prywatnosci\/rodo\/","title":{"rendered":"RODO"},"content":{"rendered":"\n<h1 class=\"wp-block-heading\">RODO<\/h1>\n\n\n\n<p>Informujemy w&nbsp;jakim celu przetwarzamy Pani\/Pana dane osobowe i&nbsp;jakie w&nbsp;zwi\u0105zku z&nbsp;tym przys\u0142uguj\u0105 Pani\/Panu prawa, zgodnie z&nbsp;Rozporz\u0105dzeniem Parlamentu Europejskiego i&nbsp;Rady (EU) 2016\/679 z&nbsp;dnia 27 kwietnia 2016r. w&nbsp;sprawie ochrony os\u00f3b fizycznych w&nbsp;zwi\u0105zku z&nbsp;przetwarzaniem danych osobowych i&nbsp;w&nbsp;sprawie swobodnego przep\u0142ywu takich danych oraz&nbsp;uchylenia dyrektywy 95\/69\/WE od dnia 25 maja 2018 r. (dalej jako: \u201e<strong>RODO<\/strong>\u201d).<\/p>\n\n\n\n<p><strong>Administrator danych osobowych<\/strong><\/p>\n\n\n\n<p>Administratorem Pani\/Pana danych osobowych jest SciencePharma sp\u00f3\u0142ka z&nbsp;ograniczon\u0105 odpowiedzialno\u015bci\u0105 z&nbsp;siedzib\u0105 w&nbsp;Warszawie (00-725), ul. Che\u0142mska 30\/34, wpisana do Rejestru Przedsi\u0119biorc\u00f3w Krajowego Rejestru S\u0105dowego prowadzonego przez&nbsp;S\u0105d Rejonowy dla&nbsp;m. st. Warszawy w&nbsp;Warszawie, XIII Wydzia\u0142 Gospodarczy Krajowego Rejestru S\u0105dowego pod numerem <\/p>\n\n\n\n<p>KRS: 0000957621, NIP: 1132679319, REGON: 141028176, kapita\u0142 zak\u0142adowy w&nbsp;wysoko\u015bci 50.000 z\u0142.<\/p>\n\n\n\n<p>W celu kontaktu z\u00a0administratorem korespondencj\u0119 nale\u017cy kierowa\u0107 na adres: <a href=\"mailto:ado@qbdgroup.com\">ado@qbdgroup.com<\/a>.<\/p>\n\n\n\n<p><strong>Cel i&nbsp;podstawy przetwarzania<\/strong><\/p>\n\n\n\n<p>Pani\/Pana dane b\u0119d\u0105 przetwarzane przez&nbsp;administratora w nast\u0119puj\u0105cych celach:<\/p>\n\n\n\n<p>\u2013 zg\u0142oszenie dzia\u0142ania niepo\u017c\u0105danego:<\/p>\n\n\n\n<p>Pani\/Pana dane osobowe przetwarzane s\u0105 na podstawie art. 6 ust. 1 pkt c) oraz&nbsp;art. 9 ust. 2 pkt i) RODO. Podane dane osobowe s\u0105 przetwarzane wy\u0142\u0105cznie w&nbsp;celu realizacji obowi\u0105zk\u00f3w w&nbsp;zakresie monitorowania bezpiecze\u0144stwa stosowania produkt\u00f3w leczniczych zgodnie z&nbsp;Rozporz\u0105dzeniem Wykonawczym Komisji (UE) nr 520\/2012 z&nbsp;dnia 19 czerwca 2012 r. Podanie danych osoby zg\u0142aszaj\u0105cej jest niezb\u0119dne do przyj\u0119cia zg\u0142oszenia. Pani\/Pana dane osobowe b\u0119d\u0105 przechowywane przez&nbsp;ca\u0142y okres dopuszczenia leku do&nbsp;obrotu oraz&nbsp;przez&nbsp;okres 10 lat od wyga\u015bni\u0119cia pozwolenia.<\/p>\n\n\n\n<p>\u2013 zg\u0142oszenie zapytania medycznego:<\/p>\n\n\n\n<p>Pani\/Pana dane osobowe przetwarzane s\u0105 na podstawie art. 6 ust. 1 pkt c) oraz&nbsp;art. 9 ust. 2 pkt i) RODO. Podane dane osobowe s\u0105 przetwarzane wy\u0142\u0105cznie w&nbsp;celu realizacji obowi\u0105zk\u00f3w w&nbsp;zakresie udzielania informacji na temat produkt\u00f3w leczniczych, zgodnie z&nbsp;art. 60 ust. 2-4 ustawy z&nbsp;dnia 6 wrze\u015bnia 2001 r. Prawo farmaceutyczne. Podanie danych osobowych jest dobrowolne, ale niezb\u0119dne, aby osoba odpowiedzialna za udzielanie informacji mog\u0142a si\u0119 z&nbsp;Pani\u0105\/Panem skontaktowa\u0107. Pani\/Pana dane osobowe b\u0119d\u0105 przechowywane przez&nbsp;ca\u0142y okres obowi\u0105zywania pozwolenia na dopuszczenie leku do obrotu oraz&nbsp;przez&nbsp;okres 10 lat od wyga\u015bni\u0119cia tego pozwolenia.<\/p>\n\n\n\n<p>\u2013 prowadzenie korespondencji:<\/p>\n\n\n\n<p>Pani\/Pana dane osobowe s\u0105 przetwarzane na podstawie art. 6 ust. 1 lit. f RODO, w&nbsp;celu prowadzenia korespondencji. Podanie danych osobowych jest dobrowolne. Pani\/Pana dane b\u0119d\u0105 przetwarzane przez okres nie d\u0142u\u017cszy ni\u017c 15 lat od momentu ustania relacji biznesowych z administratorem.<\/p>\n\n\n\n<p>\u2013 formularz kontaktowy:<\/p>\n\n\n\n<p>Pani\/Pana dane osobowe s\u0105 przetwarzane na podstawie art. 6 ust. 1 lit. f RODO, w&nbsp;celu przyjmowania wp\u0142ywaj\u0105cej korespondencji i&nbsp;udzielania na ni\u0105 odpowiedzi. Podanie danych osobowych jest dobrowolne, ale niezb\u0119dne do wys\u0142ania formularza. Pani\/Pana dane b\u0119d\u0105 przetwarzane przez&nbsp;okres nie&nbsp;d\u0142u\u017cszy ni\u017c 1 rok od momentu ustania kontaktu z&nbsp;administratorem.<\/p>\n\n\n\n<p>\u2013 realizacja us\u0142ugi \u201eNewsletter\u201d:<\/p>\n\n\n\n<p>Pani\/Pana dane osobowe s\u0105 przetwarzane na podstawie art. 6 ust. 1 lit. f RODO, w&nbsp;celu realizacji us\u0142ugi \u201eNewsletter\u201d, tj. cyklicznego przesy\u0142ania wiadomo\u015bci e-mail z bie\u017c\u0105cymi informacjami dotycz\u0105cymi dzia\u0142alno\u015bci administratora. Podanie danych osobowych jest dobrowolne, niemniej konieczne do realizacji us\u0142ugi \u201eNewsletter\u201d. Pani\/Pana dane b\u0119d\u0105 przetwarzane przez&nbsp;okres korzystania z&nbsp;us\u0142ugi \u201eNewsletter\u201d.<\/p>\n\n\n\n<p>\u2013 rekrutacja:<\/p>\n\n\n\n<p>Pani\/Pana dane b\u0119d\u0105 przetwarzane na podstawie art. 6 ust. 1 lit. a) RODO, w&nbsp;celu prowadzenia procesu rekrutacji oraz&nbsp;rekrutacji przysz\u0142ych (w przypadku udzielenia zgody tak\u017ce na przetwarzanie Pani\/Pana danych w&nbsp;celu wzi\u0119cia udzia\u0142u w&nbsp;rekrutacjach przysz\u0142ych). Pani\/Pana dane b\u0119d\u0105 przetwarzane przez&nbsp;okres prowadzonej rekrutacji, a w&nbsp;przypadku udzielenia zgody na przetwarzanie Pani\/Pana danych dla&nbsp;cel\u00f3w rekrutacji przysz\u0142ych przez&nbsp;okres 2 lat od otrzymania takiej zgody przez&nbsp;administratora, o&nbsp;ile cel przetwarzania nie&nbsp;ulegnie zmianie. Podanie danych ma charakter ca\u0142kowicie dobrowolny, jednak brak ich podania b\u0119dzie skutkowa\u0107 brakiem mo\u017cliwo\u015bci wzi\u0119cia udzia\u0142u w&nbsp;procesie rekrutacyjnym.<\/p>\n\n\n\n<p>&#8211; probanci (test czytelno\u015bci ulotki):<\/p>\n\n\n\n<p>Pani\/Pana dane b\u0119d\u0105 przetwarzane na podstawie art. 6 ust. 1 lit. a) RODO, w celu przeprowadzenia procesu rekrutacji do wzi\u0119cia udzia\u0142u w danym te\u015bcie czytelno\u015bci ulotki oraz rekrutacji przysz\u0142ych (w przypadku udzielenia zgody tak\u017ce na przetwarzanie Pani\/Pana danych w celu wzi\u0119cia udzia\u0142u w rekrutacjach przysz\u0142ych \u2013 w takiej sytuacji Pani\/Pana dane zostan\u0105 umieszczone w bazie kontakt\u00f3w). Pani\/Pana dane b\u0119d\u0105 przetwarzane przez okres prowadzonej rekrutacji, a w przypadku udzielenia zgody na przetwarzanie Pani\/Pana danych dla cel\u00f3w rekrutacji przysz\u0142ych \u2013 do czasu cofni\u0119cia zgody. Podanie danych ma charakter ca\u0142kowicie dobrowolny, jednak brak ich podania b\u0119dzie skutkowa\u0107 brakiem mo\u017cliwo\u015bci wzi\u0119cia udzia\u0142u w procesie rekrutacyjnym.<br><\/p>\n\n\n\n<p><strong>Odbiorcy danych osobowych<\/strong><\/p>\n\n\n\n<p>Odbiorcami Pani\/Pana danych osobowych b\u0119d\u0105 wy\u0142\u0105cznie podmioty uprawnione do&nbsp;uzyskania danych osobowych na podstawie przepis\u00f3w prawa.<\/p>\n\n\n\n<p><strong>Prawa os\u00f3b, kt\u00f3rych dane dotycz\u0105:<\/strong><\/p>\n\n\n\n<p>Na zasadach okre\u015blonych przepisami RODO przys\u0142uguje Pani\/Panu:<\/p>\n\n\n\n<ul class=\"wp-block-list\">\n<li>prawo dost\u0119pu do tre\u015bci swoich danych,<\/li>\n\n\n\n<li>prawo do ich sprostowania, gdy s\u0105 niezgodne ze stanem rzeczywistym,<\/li>\n\n\n\n<li>prawo do ich usuni\u0119cia, ograniczenia przetwarzania, a tak\u017ce przenoszenia danych \u2013 w&nbsp;przypadkach przewidzianych prawem,<\/li>\n\n\n\n<li>prawo do wniesienia sprzeciwu wobec przetwarzania danych,<\/li>\n\n\n\n<li>prawo do cofni\u0119cia zgody \u2013 w przypadku przetwarzania danych przez administratora na tej podstawie \u2013 przy czym cofni\u0119cie takiej zgody pozostaje bez wp\u0142ywu na zgodno\u015b\u0107 z prawem przetwarzania, kt\u00f3rego dokonano na podstawie zgody przed jej cofni\u0119ciem,<\/li>\n\n\n\n<li>prawo do wniesienia skargi do organu nadzorczego \u2013 Prezesa Urz\u0119du Ochrony Danych Osobowych, gdy uzna Pani\/Pan, \u017ce przetwarzanie Pani\/Pana danych osobowych narusza przepisy o ochronie danych osobowych.<\/li>\n<\/ul>\n","protected":false},"excerpt":{"rendered":"<p>RODO Informujemy w&nbsp;jakim celu przetwarzamy Pani\/Pana dane osobowe i&nbsp;jakie w&nbsp;zwi\u0105zku z&nbsp;tym przys\u0142uguj\u0105 Pani\/Panu prawa, zgodnie z&nbsp;Rozporz\u0105dzeniem Parlamentu Europejskiego i&nbsp;Rady (EU) 2016\/679 z&nbsp;dnia 27 kwietnia 2016r. w&nbsp;sprawie ochrony os\u00f3b fizycznych w&nbsp;zwi\u0105zku z&nbsp;przetwarzaniem danych osobowych i&nbsp;w&nbsp;sprawie swobodnego przep\u0142ywu takich danych oraz&nbsp;uchylenia dyrektywy 95\/69\/WE od dnia 25 maja 2018 r. (dalej jako: \u201eRODO\u201d). Administrator danych osobowych Administratorem Pani\/Pana [&hellip;]<\/p>\n","protected":false},"author":1,"featured_media":0,"parent":1047,"menu_order":0,"comment_status":"closed","ping_status":"closed","template":"template-aboutus.php","meta":{"inline_featured_image":false,"footnotes":""},"class_list":["post-7278","page","type-page","status-publish","hentry"],"acf":[],"yoast_head":"<!-- This site is optimized with the Yoast SEO plugin v26.8 - https:\/\/yoast.com\/product\/yoast-seo-wordpress\/ -->\n<title>RODO - SciencePharma<\/title>\n<meta name=\"robots\" content=\"index, follow, max-snippet:-1, max-image-preview:large, max-video-preview:-1\" \/>\n<link rel=\"canonical\" href=\"https:\/\/www.sciencepharma.com\/pl\/polityka-prywatnosci\/rodo\/\" \/>\n<meta property=\"og:locale\" content=\"pl_PL\" \/>\n<meta property=\"og:type\" content=\"article\" \/>\n<meta property=\"og:title\" content=\"RODO - SciencePharma\" \/>\n<meta property=\"og:description\" content=\"RODO Informujemy w&nbsp;jakim celu przetwarzamy Pani\/Pana dane osobowe i&nbsp;jakie w&nbsp;zwi\u0105zku z&nbsp;tym przys\u0142uguj\u0105 Pani\/Panu prawa, zgodnie z&nbsp;Rozporz\u0105dzeniem Parlamentu Europejskiego i&nbsp;Rady (EU) 2016\/679 z&nbsp;dnia 27 kwietnia 2016r. w&nbsp;sprawie ochrony os\u00f3b fizycznych w&nbsp;zwi\u0105zku z&nbsp;przetwarzaniem danych osobowych i&nbsp;w&nbsp;sprawie swobodnego przep\u0142ywu takich danych oraz&nbsp;uchylenia dyrektywy 95\/69\/WE od dnia 25 maja 2018 r. (dalej jako: \u201eRODO\u201d). Administrator danych osobowych Administratorem Pani\/Pana [&hellip;]\" \/>\n<meta property=\"og:url\" content=\"https:\/\/www.sciencepharma.com\/pl\/polityka-prywatnosci\/rodo\/\" \/>\n<meta property=\"og:site_name\" content=\"SciencePharma\" \/>\n<meta property=\"article:modified_time\" content=\"2025-10-07T12:39:12+00:00\" \/>\n<meta name=\"twitter:card\" content=\"summary_large_image\" \/>\n<meta name=\"twitter:site\" content=\"@science_pharma\" \/>\n<meta name=\"twitter:label1\" content=\"Szacowany czas czytania\" \/>\n\t<meta name=\"twitter:data1\" content=\"4 minuty\" \/>\n<script type=\"application\/ld+json\" class=\"yoast-schema-graph\">{\"@context\":\"https:\/\/schema.org\",\"@graph\":[{\"@type\":\"WebPage\",\"@id\":\"https:\/\/www.sciencepharma.com\/pl\/polityka-prywatnosci\/rodo\/\",\"url\":\"https:\/\/www.sciencepharma.com\/pl\/polityka-prywatnosci\/rodo\/\",\"name\":\"RODO - SciencePharma\",\"isPartOf\":{\"@id\":\"https:\/\/www.sciencepharma.com\/pl\/#website\"},\"datePublished\":\"2023-06-15T11:42:58+00:00\",\"dateModified\":\"2025-10-07T12:39:12+00:00\",\"breadcrumb\":{\"@id\":\"https:\/\/www.sciencepharma.com\/pl\/polityka-prywatnosci\/rodo\/#breadcrumb\"},\"inLanguage\":\"pl-PL\",\"potentialAction\":[{\"@type\":\"ReadAction\",\"target\":[\"https:\/\/www.sciencepharma.com\/pl\/polityka-prywatnosci\/rodo\/\"]}]},{\"@type\":\"BreadcrumbList\",\"@id\":\"https:\/\/www.sciencepharma.com\/pl\/polityka-prywatnosci\/rodo\/#breadcrumb\",\"itemListElement\":[{\"@type\":\"ListItem\",\"position\":1,\"name\":\"Home\",\"item\":\"https:\/\/www.sciencepharma.com\/pl\/\"},{\"@type\":\"ListItem\",\"position\":2,\"name\":\"Polityka prywatno\u015bci\",\"item\":\"https:\/\/www.sciencepharma.com\/pl\/polityka-prywatnosci\/\"},{\"@type\":\"ListItem\",\"position\":3,\"name\":\"RODO\"}]},{\"@type\":\"WebSite\",\"@id\":\"https:\/\/www.sciencepharma.com\/pl\/#website\",\"url\":\"https:\/\/www.sciencepharma.com\/pl\/\",\"name\":\"SciencePharma\",\"description\":\" - More Than Consulting\",\"publisher\":{\"@id\":\"https:\/\/www.sciencepharma.com\/pl\/#organization\"},\"potentialAction\":[{\"@type\":\"SearchAction\",\"target\":{\"@type\":\"EntryPoint\",\"urlTemplate\":\"https:\/\/www.sciencepharma.com\/pl\/?s={search_term_string}\"},\"query-input\":{\"@type\":\"PropertyValueSpecification\",\"valueRequired\":true,\"valueName\":\"search_term_string\"}}],\"inLanguage\":\"pl-PL\"},{\"@type\":\"Organization\",\"@id\":\"https:\/\/www.sciencepharma.com\/pl\/#organization\",\"name\":\"SciencePharma\",\"url\":\"https:\/\/www.sciencepharma.com\/pl\/\",\"logo\":{\"@type\":\"ImageObject\",\"inLanguage\":\"pl-PL\",\"@id\":\"https:\/\/www.sciencepharma.com\/pl\/#\/schema\/logo\/image\/\",\"url\":\"https:\/\/www.sciencepharma.com\/wp-content\/uploads\/2023\/04\/Science-Pharma_poziom.svg\",\"contentUrl\":\"https:\/\/www.sciencepharma.com\/wp-content\/uploads\/2023\/04\/Science-Pharma_poziom.svg\",\"width\":244,\"height\":40,\"caption\":\"SciencePharma\"},\"image\":{\"@id\":\"https:\/\/www.sciencepharma.com\/pl\/#\/schema\/logo\/image\/\"},\"sameAs\":[\"https:\/\/x.com\/science_pharma\",\"https:\/\/www.linkedin.com\/company\/sciencepharma\/\"]}]}<\/script>\n<!-- \/ Yoast SEO plugin. -->","yoast_head_json":{"title":"RODO - SciencePharma","robots":{"index":"index","follow":"follow","max-snippet":"max-snippet:-1","max-image-preview":"max-image-preview:large","max-video-preview":"max-video-preview:-1"},"canonical":"https:\/\/www.sciencepharma.com\/pl\/polityka-prywatnosci\/rodo\/","og_locale":"pl_PL","og_type":"article","og_title":"RODO - SciencePharma","og_description":"RODO Informujemy w&nbsp;jakim celu przetwarzamy Pani\/Pana dane osobowe i&nbsp;jakie w&nbsp;zwi\u0105zku z&nbsp;tym przys\u0142uguj\u0105 Pani\/Panu prawa, zgodnie z&nbsp;Rozporz\u0105dzeniem Parlamentu Europejskiego i&nbsp;Rady (EU) 2016\/679 z&nbsp;dnia 27 kwietnia 2016r. w&nbsp;sprawie ochrony os\u00f3b fizycznych w&nbsp;zwi\u0105zku z&nbsp;przetwarzaniem danych osobowych i&nbsp;w&nbsp;sprawie swobodnego przep\u0142ywu takich danych oraz&nbsp;uchylenia dyrektywy 95\/69\/WE od dnia 25 maja 2018 r. (dalej jako: \u201eRODO\u201d). Administrator danych osobowych Administratorem Pani\/Pana [&hellip;]","og_url":"https:\/\/www.sciencepharma.com\/pl\/polityka-prywatnosci\/rodo\/","og_site_name":"SciencePharma","article_modified_time":"2025-10-07T12:39:12+00:00","twitter_card":"summary_large_image","twitter_site":"@science_pharma","twitter_misc":{"Szacowany czas czytania":"4 minuty"},"schema":{"@context":"https:\/\/schema.org","@graph":[{"@type":"WebPage","@id":"https:\/\/www.sciencepharma.com\/pl\/polityka-prywatnosci\/rodo\/","url":"https:\/\/www.sciencepharma.com\/pl\/polityka-prywatnosci\/rodo\/","name":"RODO - SciencePharma","isPartOf":{"@id":"https:\/\/www.sciencepharma.com\/pl\/#website"},"datePublished":"2023-06-15T11:42:58+00:00","dateModified":"2025-10-07T12:39:12+00:00","breadcrumb":{"@id":"https:\/\/www.sciencepharma.com\/pl\/polityka-prywatnosci\/rodo\/#breadcrumb"},"inLanguage":"pl-PL","potentialAction":[{"@type":"ReadAction","target":["https:\/\/www.sciencepharma.com\/pl\/polityka-prywatnosci\/rodo\/"]}]},{"@type":"BreadcrumbList","@id":"https:\/\/www.sciencepharma.com\/pl\/polityka-prywatnosci\/rodo\/#breadcrumb","itemListElement":[{"@type":"ListItem","position":1,"name":"Home","item":"https:\/\/www.sciencepharma.com\/pl\/"},{"@type":"ListItem","position":2,"name":"Polityka prywatno\u015bci","item":"https:\/\/www.sciencepharma.com\/pl\/polityka-prywatnosci\/"},{"@type":"ListItem","position":3,"name":"RODO"}]},{"@type":"WebSite","@id":"https:\/\/www.sciencepharma.com\/pl\/#website","url":"https:\/\/www.sciencepharma.com\/pl\/","name":"SciencePharma","description":" - More Than Consulting","publisher":{"@id":"https:\/\/www.sciencepharma.com\/pl\/#organization"},"potentialAction":[{"@type":"SearchAction","target":{"@type":"EntryPoint","urlTemplate":"https:\/\/www.sciencepharma.com\/pl\/?s={search_term_string}"},"query-input":{"@type":"PropertyValueSpecification","valueRequired":true,"valueName":"search_term_string"}}],"inLanguage":"pl-PL"},{"@type":"Organization","@id":"https:\/\/www.sciencepharma.com\/pl\/#organization","name":"SciencePharma","url":"https:\/\/www.sciencepharma.com\/pl\/","logo":{"@type":"ImageObject","inLanguage":"pl-PL","@id":"https:\/\/www.sciencepharma.com\/pl\/#\/schema\/logo\/image\/","url":"https:\/\/www.sciencepharma.com\/wp-content\/uploads\/2023\/04\/Science-Pharma_poziom.svg","contentUrl":"https:\/\/www.sciencepharma.com\/wp-content\/uploads\/2023\/04\/Science-Pharma_poziom.svg","width":244,"height":40,"caption":"SciencePharma"},"image":{"@id":"https:\/\/www.sciencepharma.com\/pl\/#\/schema\/logo\/image\/"},"sameAs":["https:\/\/x.com\/science_pharma","https:\/\/www.linkedin.com\/company\/sciencepharma\/"]}]}},"_links":{"self":[{"href":"https:\/\/www.sciencepharma.com\/pl\/wp-json\/wp\/v2\/pages\/7278","targetHints":{"allow":["GET"]}}],"collection":[{"href":"https:\/\/www.sciencepharma.com\/pl\/wp-json\/wp\/v2\/pages"}],"about":[{"href":"https:\/\/www.sciencepharma.com\/pl\/wp-json\/wp\/v2\/types\/page"}],"author":[{"embeddable":true,"href":"https:\/\/www.sciencepharma.com\/pl\/wp-json\/wp\/v2\/users\/1"}],"replies":[{"embeddable":true,"href":"https:\/\/www.sciencepharma.com\/pl\/wp-json\/wp\/v2\/comments?post=7278"}],"version-history":[{"count":1,"href":"https:\/\/www.sciencepharma.com\/pl\/wp-json\/wp\/v2\/pages\/7278\/revisions"}],"predecessor-version":[{"id":15030,"href":"https:\/\/www.sciencepharma.com\/pl\/wp-json\/wp\/v2\/pages\/7278\/revisions\/15030"}],"up":[{"embeddable":true,"href":"https:\/\/www.sciencepharma.com\/pl\/wp-json\/wp\/v2\/pages\/1047"}],"wp:attachment":[{"href":"https:\/\/www.sciencepharma.com\/pl\/wp-json\/wp\/v2\/media?parent=7278"}],"curies":[{"name":"wp","href":"https:\/\/api.w.org\/{rel}","templated":true}]}}