{"id":13451,"date":"2023-06-15T13:42:58","date_gmt":"2023-06-15T11:42:58","guid":{"rendered":"https:\/\/www.sciencepharma.com\/%e9%9a%90%e7%a7%81%e6%94%bf%e7%ad%96-privacy-policy\/data-protection\/"},"modified":"2025-10-07T14:39:52","modified_gmt":"2025-10-07T12:39:52","slug":"data-protection","status":"publish","type":"page","link":"https:\/\/www.sciencepharma.com\/zh-hans\/privacy-policy\/data-protection\/","title":{"rendered":"\u6570\u636e\u4fdd\u62a4"},"content":{"rendered":"\n<h1 class=\"wp-block-heading\"><strong>\u6570\u636e\u4fdd\u62a4<\/strong><\/h1>\n\n\n\n<p>\u6211\u4eec\u544a\u77e5\u60a8\u6211\u4eec\u5904\u7406\u60a8\u7684\u4e2a\u4eba\u6570\u636e\u7684\u76ee\u7684\uff0c\u4ee5\u53ca\u6839\u636e\u6b27\u6d32\u8bae\u4f1a\u548c\u7406\u4e8b\u4f1a (EU) 2016 \u5e74 4 \u6708 27 \u65e5\u9881\u5e03\u7684\u5173\u4e8e\u5728\u4e2a\u4eba\u6570\u636e\u5904\u7406\u548c\u6b64\u7c7b\u6570\u636e\u81ea\u7531\u6d41\u52a8\u65b9\u9762\u4fdd\u62a4\u81ea\u7136\u4eba\u4ee5\u53ca\u5e9f\u9664 95\/46\/EC \u6307\u4ee4\u7684\u7b2c 2016\/679 \u53f7\u6761\u4f8b\uff08\u4ee5\u4e0b\u7b80\u79f0\u201c <strong>GDPR<\/strong> \u201d\uff09\uff0c\u60a8\u6709\u54ea\u4e9b\u6743\u5229\u3002<\/p>\n\n\n\n<p><strong>\u4e2a\u4eba\u4fe1\u606f\u63a7\u5236<\/strong><strong>\u8005<\/strong><\/p>\n\n\n\n<p>\u60a8\u7684\u4e2a\u4eba\u6570\u636e\u63a7\u5236\u8005\u662f SciencePharma sp\u00f3\u0142ka z ograniczon\u0105 odpowiedzialno\u015bci\u0105\uff0c\u5730\u5740\u4e3a Chelmska 30\/34 St., 00-725 Warsaw, Poland\uff0c\u5df2\u5728\u534e\u6c99\u9996\u90fd\u534e\u6c99\u5730\u65b9\u6cd5\u9662\u7684\u56fd\u5bb6\u6cd5\u9662\u4f01\u4e1a\u5bb6\u767b\u8bb0\u518c\u4e2d\u6ce8\u518c\uff0c\u56fd\u5bb6\u6cd5\u9662\u767b\u8bb0\u518c\u7b2c\u5341\u4e09\u5546\u4e1a\u90e8\u95e8\u7684 KRS \u7f16\u53f7\u4e3a\uff1a0000957621\uff0c\u7a0e\u52a1\u8bc6\u522b\u53f7\u4e3a NIP\uff1a1132679319\uff0cREGON\uff1a141028176\uff0c\u80a1\u672c\u4e3a 50,000 \u6ce2\u5170\u5179\u7f57\u63d0\u3002<\/p>\n\n\n\n<p>\u901a\u8baf\u5730\u5740\uff1a<a href=\"mailto:ado@qbdgroup.com\">ado@qbdgroup.com<\/a><\/p>\n\n\n\n<p><strong>\u6570\u636e<\/strong><strong>\u5904\u7406\u7684\u76ee\u7684\u548c\u57fa\u7840<\/strong><\/p>\n\n\n\n<p>\u63a7\u5236\u8005\u5c06\u5904\u7406\u60a8\u7684\u4e2a\u4eba\u6570\u636e\u4ee5\u8fbe\u5230\u4ee5\u4e0b\u76ee\u7684\uff1a<\/p>\n\n\n\n<p>\u2013 \u62a5\u544a\u4e0d\u826f\u53cd\u5e94\uff1a<\/p>\n\n\n\n<p>\u60a8\u7684\u4e2a\u4eba\u6570\u636e\u5c06\u6839\u636e GDPR \u7b2c 6 \u6761\u7b2c 1 \u70b9 c) \u548c\u7b2c 9 \u6761\u7b2c 2 \u70b9 i) \u8fdb\u884c\u5904\u7406\u3002\u6240\u63d0\u4f9b\u7684\u4e2a\u4eba\u6570\u636e\u4ec5\u7528\u4e8e\u5c65\u884c\u6839\u636e 2012 \u5e74 6 \u6708 19 \u65e5\u59d4\u5458\u4f1a\u5b9e\u65bd\u6761\u4f8b (EU) \u7b2c 520\/2012 \u53f7\u76d1\u7763\u836f\u54c1\u4f7f\u7528\u5b89\u5168\u7684\u4e49\u52a1\u3002\u63d0\u4f9b\u62a5\u544a\u4eba\u7684\u6570\u636e\u5bf9\u4e8e\u63a5\u53d7\u901a\u77e5\u662f\u5fc5\u8981\u7684\u3002\u60a8\u7684\u4e2a\u4eba\u6570\u636e\u5c06\u5728\u836f\u54c1\u7684\u6574\u4e2a\u8425\u9500\u6388\u6743\u671f\u95f4\u4ee5\u53ca\u4e0a\u8ff0\u8425\u9500\u6388\u6743\u5230\u671f\u540e\u7684 10 \u5e74\u5185\u4fdd\u5b58\u3002<\/p>\n\n\n\n<p>\u2013 \u63d0\u4ea4\u533b\u7597\u95ee\u8be2\uff1a<\/p>\n\n\n\n<p>\u60a8\u7684\u4e2a\u4eba\u6570\u636e\u5c06\u6839\u636e GDPR \u7b2c 6 \u6761\u7b2c 1 \u70b9 c) \u548c\u7b2c 9 \u6761\u7b2c 2 \u70b9 i) \u8fdb\u884c\u5904\u7406\u3002\u6839\u636e 2001 \u5e74 9 \u6708 6 \u65e5\u300a\u836f\u54c1\u6cd5\u300b\u7b2c 60 \u6761\u7b2c 2-4 \u6b3e\u89c4\u5b9a\uff0c\u6240\u63d0\u4f9b\u7684\u4e2a\u4eba\u6570\u636e\u4ec5\u7528\u4e8e\u5c65\u884c\u63d0\u4f9b\u836f\u54c1\u4fe1\u606f\u7684\u4e49\u52a1\u3002\u63d0\u4f9b\u4e2a\u4eba\u6570\u636e\u662f\u81ea\u613f\u7684\uff0c\u4f46\u6709\u5fc5\u8981\u63d0\u4f9b\uff0c\u4ee5\u4fbf\u8d1f\u8d23\u63d0\u4f9b\u4fe1\u606f\u7684\u4eba\u5458\u53ef\u4ee5\u4e0e\u60a8\u8054\u7cfb\u3002\u60a8\u7684\u4e2a\u4eba\u6570\u636e\u5c06\u5728\u836f\u54c1\u4e0a\u5e02\u8bb8\u53ef\u7684\u6574\u4e2a\u6709\u6548\u671f\u5185\u4ee5\u53ca\u81ea\u8be5\u8bb8\u53ef\u5230\u671f\u4e4b\u65e5\u8d77\u7684 10 \u5e74\u5185\u4fdd\u5b58\u3002<\/p>\n\n\n\n<p>&#8211; \u901a\u4fe1\uff1a<\/p>\n\n\n\n<p>\u60a8\u7684\u4e2a\u4eba\u6570\u636e\u5c06\u6839\u636e GDPR \u7b2c 6 \u6761\u7b2c 1 \u6b3e f) \u9879\u8fdb\u884c\u5904\u7406\uff0c\u4ee5\u4fbf\u8fdb\u884c\u901a\u4fe1\u3002\u4e2a\u4eba\u4fe1\u606f\u662f\u81ea\u613f\u7684\u3002\u60a8\u7684\u6570\u636e\u5c06\u5728\u4e0e\u63a7\u5236\u8005\u7684\u4e1a\u52a1\u5173\u7cfb\u7ec8\u6b62\u540e 15 \u5e74\u5185\u5f97\u5230\u5904\u7406\u3002<\/p>\n\n\n\n<p>\u2013 \u8054\u7cfb\u8868\u683c\uff1a<\/p>\n\n\n\n<p>\u60a8\u7684\u4e2a\u4eba\u6570\u636e\u5c06\u6839\u636e GDPR \u7b2c 6 \u6761\u7b2c 1 \u6b3e f) \u9879\u8fdb\u884c\u5904\u7406\uff0c\u7528\u4e8e\u63a5\u6536\u548c\u56de\u590d\u6765\u4fe1\u3002\u4e2a\u4eba\u4fe1\u606f\u662f\u81ea\u613f\u63d0\u4f9b\u7684\uff0c\u4f46\u5fc5\u987b\u63d0\u4f9b\u624d\u80fd\u53d1\u9001\u8868\u683c\u3002\u60a8\u7684\u6570\u636e\u5c06\u5728\u4e0e\u63a7\u5236\u8005\u505c\u6b62\u8054\u7cfb\u540e 1 \u5e74\u5185\u5f97\u5230\u5904\u7406\u3002<\/p>\n\n\n\n<p>\u2013 \u201c\u65f6\u4e8b\u901a\u8baf\u201d\uff1a<\/p>\n\n\n\n<p>\u60a8\u7684\u4e2a\u4eba\u6570\u636e\uff08\u7535\u5b50\u90ae\u4ef6\u5730\u5740\uff09\u5c06\u6839\u636e GDPR \u7b2c 6 \u6761\u7b2c 1 \u6b3e f) \u9879\u8fdb\u884c\u5904\u7406\uff0c\u76ee\u7684\u662f\u4e3a\u5b9e\u65bd\u201c\u65b0\u95fb\u901a\u8baf\u201d\u670d\u52a1\u800c\u5904\u7406\u8fd9\u4e9b\u6570\u636e\uff0c\u5373\u5b9a\u671f\u53d1\u9001\u5305\u542b\u63a7\u5236\u8005\u6d3b\u52a8\u6700\u65b0\u4fe1\u606f\u7684\u7535\u5b50\u90ae\u4ef6\u3002\u4e2a\u4eba\u4fe1\u606f\u662f\u81ea\u613f\u63d0\u4f9b\u7684\uff0c\u4f46\u5bf9\u4e8e\u65b0\u95fb\u901a\u8baf\u670d\u52a1\u662f\u5fc5\u8981\u7684\u3002\u60a8\u7684\u6570\u636e\u5c06\u5728\u4f7f\u7528\u201c\u65b0\u95fb\u901a\u8baf\u201d\u670d\u52a1\u671f\u95f4\u8fdb\u884c\u5904\u7406\u3002<\/p>\n\n\n\n<p>&#8211; \u62db\u8058\uff1a<\/p>\n\n\n\n<p>\u60a8\u7684\u6570\u636e\u5c06\u6839\u636e GDPR \u7b2c 6 \u6761\u7b2c 1 \u6b3e a) \u9879\u8fdb\u884c\u5904\u7406\uff0c\u4ee5\u4fbf\u5f00\u5c55\u62db\u8058\u6d41\u7a0b\u548c\u672a\u6765\u62db\u8058\uff08\u5982\u679c\u83b7\u5f97\u540c\u610f\uff0c\u8fd8\u5c06\u5904\u7406\u60a8\u7684\u6570\u636e\u4ee5\u53c2\u4e0e\u672a\u6765\u7684\u62db\u8058\uff09\u3002\u60a8\u7684\u6570\u636e\u5c06\u5728\u62db\u8058\u6d41\u7a0b\u671f\u95f4\u8fdb\u884c\u5904\u7406\uff0c\u5982\u679c\u540c\u610f\u4e3a\u672a\u6765\u62db\u8058\u76ee\u7684\u5904\u7406\u60a8\u7684\u6570\u636e\uff0c\u5219\u5728\u63a7\u5236\u8005\u6536\u5230\u6b64\u7c7b\u540c\u610f\u540e 2 \u5e74\u5185\u8fdb\u884c\u5904\u7406\uff0c\u9664\u975e\u5904\u7406\u76ee\u7684\u6ca1\u6709\u6539\u53d8\u3002\u63d0\u4f9b\u6570\u636e\u5b8c\u5168\u662f\u81ea\u613f\u7684\uff0c\u4f46\u4e0d\u63d0\u4f9b\u6570\u636e\u5c06\u5bfc\u81f4\u65e0\u6cd5\u53c2\u4e0e\u62db\u8058\u6d41\u7a0b\u3002<\/p>\n\n\n\n<p><strong>\u4e2a\u4eba<\/strong><strong>\u8d44\u6599\u63a5\u6536<\/strong><strong>\u8005<\/strong><\/p>\n\n\n\n<p>\u60a8\u7684\u4e2a\u4eba\u4fe1\u606f\u7684\u63a5\u6536\u8005\u5c06\u4ec5\u4ec5\u662f\u6839\u636e\u6cd5\u5f8b\u89c4\u5b9a\u6709\u6743\u83b7\u53d6\u4e2a\u4eba\u4fe1\u606f\u7684\u5b9e\u4f53\u3002<\/p>\n\n\n\n<p><strong>\u6570\u636e\u4e3b\u4f53\u7684<\/strong><strong>\u6743\u5229<\/strong><strong>\uff1a<\/strong><\/p>\n\n\n\n<p>\u6839\u636eGDPR\u7684\u89c4\u5b9a\uff0c\u60a8\u6709\u6743\uff1a<\/p>\n\n\n\n<ul class=\"wp-block-list\">\n<li>\u8bbf\u95ee\u60a8\u7684\u6570\u636e\u7684\u6743\u5229\uff0c<\/li>\n\n\n\n<li>\u5982\u679c\u4e0e\u5b9e\u9645\u60c5\u51b5\u4e0d\u7b26\uff0c\u6709\u6743\u4e88\u4ee5\u7ea0\u6b63\uff0c<\/li>\n\n\n\n<li>\u5220\u9664\u3001\u9650\u5236\u5904\u7406\u548c\u4f20\u8f93\u6570\u636e\u7684\u6743\u5229\u2014\u2014\u5728\u6cd5\u5f8b\u89c4\u5b9a\u7684\u60c5\u51b5\u4e0b\uff0c<\/li>\n\n\n\n<li>\u53cd\u5bf9\u6570\u636e\u5904\u7406\u7684\u6743\u5229\uff0c<\/li>\n\n\n\n<li>\u64a4\u56de\u540c\u610f\u7684\u6743\u5229\uff08\u5728\u63a7\u5236\u8005\u57fa\u4e8e\u6b64\u8fdb\u884c\u6570\u636e\u5904\u7406\u7684\u60c5\u51b5\u4e0b\uff09\uff0c\u5e76\u4e14\u64a4\u56de\u6b64\u7c7b\u540c\u610f\u4e0d\u4f1a\u5f71\u54cd\u64a4\u56de\u524d\u57fa\u4e8e\u540c\u610f\u8fdb\u884c\u7684\u5904\u7406\u7684\u5408\u6cd5\u6027\uff0c<\/li>\n\n\n\n<li>\u5982\u679c\u60a8\u8ba4\u4e3a\u60a8\u7684\u4e2a\u4eba\u6570\u636e\u5904\u7406\u8fdd\u53cd\u4e86\u4e2a\u4eba\u6570\u636e\u4fdd\u62a4\u89c4\u5b9a\uff0c\u60a8\u6709\u6743\u5411\u76d1\u7ba1\u673a\u6784\u2014\u2014\u4e2a\u4eba\u6570\u636e\u4fdd\u62a4\u529e\u516c\u5ba4\u4e3b\u5e2d\u63d0\u51fa\u6295\u8bc9\u3002<\/li>\n<\/ul>\n","protected":false},"excerpt":{"rendered":"<p>\u6570\u636e\u4fdd\u62a4 \u6211\u4eec\u544a\u77e5\u60a8\u6211\u4eec\u5904\u7406\u60a8\u7684\u4e2a\u4eba\u6570\u636e\u7684\u76ee\u7684\uff0c\u4ee5\u53ca\u6839\u636e\u6b27\u6d32\u8bae\u4f1a\u548c\u7406\u4e8b\u4f1a (EU) 2016 \u5e74 4 \u6708 27 [&hellip;]<\/p>\n","protected":false},"author":1,"featured_media":0,"parent":13445,"menu_order":0,"comment_status":"closed","ping_status":"closed","template":"template-aboutus.php","meta":{"inline_featured_image":false,"footnotes":""},"class_list":["post-13451","page","type-page","status-publish","hentry"],"acf":[],"yoast_head":"<!-- This site is optimized with the Yoast SEO plugin v26.8 - https:\/\/yoast.com\/product\/yoast-seo-wordpress\/ -->\n<title>\u6570\u636e\u4fdd\u62a4 - SciencePharma<\/title>\n<meta name=\"robots\" content=\"index, follow, max-snippet:-1, max-image-preview:large, max-video-preview:-1\" \/>\n<link rel=\"canonical\" href=\"https:\/\/www.sciencepharma.com\/zh-hans\/privacy-policy\/data-protection\/\" \/>\n<meta property=\"og:locale\" content=\"zh_CN\" \/>\n<meta property=\"og:type\" content=\"article\" \/>\n<meta property=\"og:title\" content=\"\u6570\u636e\u4fdd\u62a4 - SciencePharma\" \/>\n<meta property=\"og:description\" content=\"\u6570\u636e\u4fdd\u62a4 \u6211\u4eec\u544a\u77e5\u60a8\u6211\u4eec\u5904\u7406\u60a8\u7684\u4e2a\u4eba\u6570\u636e\u7684\u76ee\u7684\uff0c\u4ee5\u53ca\u6839\u636e\u6b27\u6d32\u8bae\u4f1a\u548c\u7406\u4e8b\u4f1a (EU) 2016 \u5e74 4 \u6708 27 [&hellip;]\" \/>\n<meta property=\"og:url\" content=\"https:\/\/www.sciencepharma.com\/zh-hans\/privacy-policy\/data-protection\/\" \/>\n<meta property=\"og:site_name\" content=\"SciencePharma\" \/>\n<meta property=\"article:modified_time\" content=\"2025-10-07T12:39:52+00:00\" \/>\n<meta name=\"twitter:card\" content=\"summary_large_image\" \/>\n<meta name=\"twitter:site\" content=\"@science_pharma\" \/>\n<meta name=\"twitter:label1\" content=\"\u9884\u8ba1\u9605\u8bfb\u65f6\u95f4\" \/>\n\t<meta name=\"twitter:data1\" content=\"1 \u5206\" \/>\n<script type=\"application\/ld+json\" class=\"yoast-schema-graph\">{\"@context\":\"https:\/\/schema.org\",\"@graph\":[{\"@type\":\"WebPage\",\"@id\":\"https:\/\/www.sciencepharma.com\/zh-hans\/privacy-policy\/data-protection\/\",\"url\":\"https:\/\/www.sciencepharma.com\/zh-hans\/privacy-policy\/data-protection\/\",\"name\":\"\u6570\u636e\u4fdd\u62a4 - SciencePharma\",\"isPartOf\":{\"@id\":\"https:\/\/www.sciencepharma.com\/zh-hans\/#website\"},\"datePublished\":\"2023-06-15T11:42:58+00:00\",\"dateModified\":\"2025-10-07T12:39:52+00:00\",\"breadcrumb\":{\"@id\":\"https:\/\/www.sciencepharma.com\/zh-hans\/privacy-policy\/data-protection\/#breadcrumb\"},\"inLanguage\":\"zh-Hans\",\"potentialAction\":[{\"@type\":\"ReadAction\",\"target\":[\"https:\/\/www.sciencepharma.com\/zh-hans\/privacy-policy\/data-protection\/\"]}]},{\"@type\":\"BreadcrumbList\",\"@id\":\"https:\/\/www.sciencepharma.com\/zh-hans\/privacy-policy\/data-protection\/#breadcrumb\",\"itemListElement\":[{\"@type\":\"ListItem\",\"position\":1,\"name\":\"Home\",\"item\":\"https:\/\/www.sciencepharma.com\/zh-hans\/\"},{\"@type\":\"ListItem\",\"position\":2,\"name\":\"\u9690\u79c1\u653f\u7b56\",\"item\":\"https:\/\/www.sciencepharma.com\/zh-hans\/privacy-policy\/\"},{\"@type\":\"ListItem\",\"position\":3,\"name\":\"\u6570\u636e\u4fdd\u62a4\"}]},{\"@type\":\"WebSite\",\"@id\":\"https:\/\/www.sciencepharma.com\/zh-hans\/#website\",\"url\":\"https:\/\/www.sciencepharma.com\/zh-hans\/\",\"name\":\"SciencePharma\",\"description\":\" - More Than Consulting\",\"publisher\":{\"@id\":\"https:\/\/www.sciencepharma.com\/zh-hans\/#organization\"},\"potentialAction\":[{\"@type\":\"SearchAction\",\"target\":{\"@type\":\"EntryPoint\",\"urlTemplate\":\"https:\/\/www.sciencepharma.com\/zh-hans\/?s={search_term_string}\"},\"query-input\":{\"@type\":\"PropertyValueSpecification\",\"valueRequired\":true,\"valueName\":\"search_term_string\"}}],\"inLanguage\":\"zh-Hans\"},{\"@type\":\"Organization\",\"@id\":\"https:\/\/www.sciencepharma.com\/zh-hans\/#organization\",\"name\":\"SciencePharma\",\"url\":\"https:\/\/www.sciencepharma.com\/zh-hans\/\",\"logo\":{\"@type\":\"ImageObject\",\"inLanguage\":\"zh-Hans\",\"@id\":\"https:\/\/www.sciencepharma.com\/zh-hans\/#\/schema\/logo\/image\/\",\"url\":\"https:\/\/www.sciencepharma.com\/wp-content\/uploads\/2023\/04\/Science-Pharma_poziom.svg\",\"contentUrl\":\"https:\/\/www.sciencepharma.com\/wp-content\/uploads\/2023\/04\/Science-Pharma_poziom.svg\",\"width\":244,\"height\":40,\"caption\":\"SciencePharma\"},\"image\":{\"@id\":\"https:\/\/www.sciencepharma.com\/zh-hans\/#\/schema\/logo\/image\/\"},\"sameAs\":[\"https:\/\/x.com\/science_pharma\",\"https:\/\/www.linkedin.com\/company\/sciencepharma\/\"]}]}<\/script>\n<!-- \/ Yoast SEO plugin. -->","yoast_head_json":{"title":"\u6570\u636e\u4fdd\u62a4 - SciencePharma","robots":{"index":"index","follow":"follow","max-snippet":"max-snippet:-1","max-image-preview":"max-image-preview:large","max-video-preview":"max-video-preview:-1"},"canonical":"https:\/\/www.sciencepharma.com\/zh-hans\/privacy-policy\/data-protection\/","og_locale":"zh_CN","og_type":"article","og_title":"\u6570\u636e\u4fdd\u62a4 - SciencePharma","og_description":"\u6570\u636e\u4fdd\u62a4 \u6211\u4eec\u544a\u77e5\u60a8\u6211\u4eec\u5904\u7406\u60a8\u7684\u4e2a\u4eba\u6570\u636e\u7684\u76ee\u7684\uff0c\u4ee5\u53ca\u6839\u636e\u6b27\u6d32\u8bae\u4f1a\u548c\u7406\u4e8b\u4f1a (EU) 2016 \u5e74 4 \u6708 27 [&hellip;]","og_url":"https:\/\/www.sciencepharma.com\/zh-hans\/privacy-policy\/data-protection\/","og_site_name":"SciencePharma","article_modified_time":"2025-10-07T12:39:52+00:00","twitter_card":"summary_large_image","twitter_site":"@science_pharma","twitter_misc":{"\u9884\u8ba1\u9605\u8bfb\u65f6\u95f4":"1 \u5206"},"schema":{"@context":"https:\/\/schema.org","@graph":[{"@type":"WebPage","@id":"https:\/\/www.sciencepharma.com\/zh-hans\/privacy-policy\/data-protection\/","url":"https:\/\/www.sciencepharma.com\/zh-hans\/privacy-policy\/data-protection\/","name":"\u6570\u636e\u4fdd\u62a4 - SciencePharma","isPartOf":{"@id":"https:\/\/www.sciencepharma.com\/zh-hans\/#website"},"datePublished":"2023-06-15T11:42:58+00:00","dateModified":"2025-10-07T12:39:52+00:00","breadcrumb":{"@id":"https:\/\/www.sciencepharma.com\/zh-hans\/privacy-policy\/data-protection\/#breadcrumb"},"inLanguage":"zh-Hans","potentialAction":[{"@type":"ReadAction","target":["https:\/\/www.sciencepharma.com\/zh-hans\/privacy-policy\/data-protection\/"]}]},{"@type":"BreadcrumbList","@id":"https:\/\/www.sciencepharma.com\/zh-hans\/privacy-policy\/data-protection\/#breadcrumb","itemListElement":[{"@type":"ListItem","position":1,"name":"Home","item":"https:\/\/www.sciencepharma.com\/zh-hans\/"},{"@type":"ListItem","position":2,"name":"\u9690\u79c1\u653f\u7b56","item":"https:\/\/www.sciencepharma.com\/zh-hans\/privacy-policy\/"},{"@type":"ListItem","position":3,"name":"\u6570\u636e\u4fdd\u62a4"}]},{"@type":"WebSite","@id":"https:\/\/www.sciencepharma.com\/zh-hans\/#website","url":"https:\/\/www.sciencepharma.com\/zh-hans\/","name":"SciencePharma","description":" - More Than Consulting","publisher":{"@id":"https:\/\/www.sciencepharma.com\/zh-hans\/#organization"},"potentialAction":[{"@type":"SearchAction","target":{"@type":"EntryPoint","urlTemplate":"https:\/\/www.sciencepharma.com\/zh-hans\/?s={search_term_string}"},"query-input":{"@type":"PropertyValueSpecification","valueRequired":true,"valueName":"search_term_string"}}],"inLanguage":"zh-Hans"},{"@type":"Organization","@id":"https:\/\/www.sciencepharma.com\/zh-hans\/#organization","name":"SciencePharma","url":"https:\/\/www.sciencepharma.com\/zh-hans\/","logo":{"@type":"ImageObject","inLanguage":"zh-Hans","@id":"https:\/\/www.sciencepharma.com\/zh-hans\/#\/schema\/logo\/image\/","url":"https:\/\/www.sciencepharma.com\/wp-content\/uploads\/2023\/04\/Science-Pharma_poziom.svg","contentUrl":"https:\/\/www.sciencepharma.com\/wp-content\/uploads\/2023\/04\/Science-Pharma_poziom.svg","width":244,"height":40,"caption":"SciencePharma"},"image":{"@id":"https:\/\/www.sciencepharma.com\/zh-hans\/#\/schema\/logo\/image\/"},"sameAs":["https:\/\/x.com\/science_pharma","https:\/\/www.linkedin.com\/company\/sciencepharma\/"]}]}},"_links":{"self":[{"href":"https:\/\/www.sciencepharma.com\/zh-hans\/wp-json\/wp\/v2\/pages\/13451","targetHints":{"allow":["GET"]}}],"collection":[{"href":"https:\/\/www.sciencepharma.com\/zh-hans\/wp-json\/wp\/v2\/pages"}],"about":[{"href":"https:\/\/www.sciencepharma.com\/zh-hans\/wp-json\/wp\/v2\/types\/page"}],"author":[{"embeddable":true,"href":"https:\/\/www.sciencepharma.com\/zh-hans\/wp-json\/wp\/v2\/users\/1"}],"replies":[{"embeddable":true,"href":"https:\/\/www.sciencepharma.com\/zh-hans\/wp-json\/wp\/v2\/comments?post=13451"}],"version-history":[{"count":2,"href":"https:\/\/www.sciencepharma.com\/zh-hans\/wp-json\/wp\/v2\/pages\/13451\/revisions"}],"predecessor-version":[{"id":15032,"href":"https:\/\/www.sciencepharma.com\/zh-hans\/wp-json\/wp\/v2\/pages\/13451\/revisions\/15032"}],"up":[{"embeddable":true,"href":"https:\/\/www.sciencepharma.com\/zh-hans\/wp-json\/wp\/v2\/pages\/13445"}],"wp:attachment":[{"href":"https:\/\/www.sciencepharma.com\/zh-hans\/wp-json\/wp\/v2\/media?parent=13451"}],"curies":[{"name":"wp","href":"https:\/\/api.w.org\/{rel}","templated":true}]}}